{"id":14,"date":"2021-11-21T15:14:19","date_gmt":"2021-11-21T15:14:19","guid":{"rendered":"http:\/\/www.iyilikatolyesi.com.tr\/index.php\/about\/"},"modified":"2024-04-15T12:02:15","modified_gmt":"2024-04-15T12:02:15","slug":"about","status":"publish","type":"page","link":"http:\/\/www.iyilikatolyesi.com.tr\/index.php\/about\/","title":{"rendered":"About"},"content":{"rendered":"\t\t<div data-elementor-type=\"wp-page\" data-elementor-id=\"14\" class=\"elementor elementor-14\">\n\t\t\t\t\t\t<section class=\"elementor-section elementor-top-section elementor-element elementor-element-3447f83 elementor-section-height-min-height elementor-section-boxed elementor-section-height-default elementor-section-items-middle wpr-particle-no wpr-jarallax-no wpr-parallax-no wpr-sticky-section-no\" data-id=\"3447f83\" data-element_type=\"section\" data-settings=\"{&quot;background_background&quot;:&quot;classic&quot;}\">\n\t\t\t\t\t\t<div class=\"elementor-container elementor-column-gap-default\">\n\t\t\t\t\t<div class=\"elementor-column elementor-col-100 elementor-top-column elementor-element elementor-element-b3a35f8\" data-id=\"b3a35f8\" data-element_type=\"column\">\n\t\t\t<div class=\"elementor-widget-wrap elementor-element-populated\">\n\t\t\t\t\t\t<div class=\"elementor-element elementor-element-32eb271 elementor-widget elementor-widget-heading\" data-id=\"32eb271\" data-element_type=\"widget\" data-widget_type=\"heading.default\">\n\t\t\t\t<div class=\"elementor-widget-container\">\n\t\t\t<h1 class=\"elementor-heading-title elementor-size-default\">B\u0130Z K\u0130M\u0130Z ?<\/h1>\t\t<\/div>\n\t\t\t\t<\/div>\n\t\t\t\t\t<\/div>\n\t\t<\/div>\n\t\t\t\t\t<\/div>\n\t\t<\/section>\n\t\t\t\t<section class=\"elementor-section elementor-top-section elementor-element elementor-element-6f78338 elementor-section-boxed elementor-section-height-default elementor-section-height-default wpr-particle-no wpr-jarallax-no wpr-parallax-no wpr-sticky-section-no\" data-id=\"6f78338\" data-element_type=\"section\">\n\t\t\t\t\t\t<div class=\"elementor-container elementor-column-gap-default\">\n\t\t\t\t\t<div class=\"elementor-column elementor-col-100 elementor-top-column elementor-element elementor-element-dd6f3d4\" data-id=\"dd6f3d4\" data-element_type=\"column\">\n\t\t\t<div class=\"elementor-widget-wrap elementor-element-populated\">\n\t\t\t\t\t\t<div class=\"elementor-element elementor-element-eea951b elementor-widget elementor-widget-heading\" data-id=\"eea951b\" data-element_type=\"widget\" data-widget_type=\"heading.default\">\n\t\t\t\t<div class=\"elementor-widget-container\">\n\t\t\t<h2 class=\"elementor-heading-title elementor-size-default\">\u0130yili\u011fi hayat felsefesi edinmi\u015f  Psikolog Berna Kaplan ve Foto\u011fraf\u00e7\u0131-Y\u00f6netmen Sefa G\u00fcm\u00fc\u015fkanat,\ngerek afetlerde toplum faydas\u0131 i\u00e7in, gerekse ihtiya\u00e7 sahiplerinin bireysel muta\u00e7l\u0131klar\u0131n\u0131 ortadan kald\u0131rmak\nad\u0131na uzun s\u00fcredir \u00f6zverili \u00e7al\u0131\u015fmalar yapmakta olan iki arkada\u015ft\u0131 , ta ki 6 \u015eubat 2023\u2019deki t\u00fcm d\u00fcnyay\u0131 yasa \nbo\u011fan afete kadar. \n<div><br><\/div>\nO tarih itibariyle, deprem b\u00f6lgesine iletilmek \u00fczere yap\u0131lmak istenen yard\u0131mlar\u0131\nkendileri arac\u0131l\u0131\u011f\u0131 ile g\u00f6ndermek isteyen yard\u0131m sever tan\u0131d\u0131klar\u0131n\u0131n bu isteklerini resmi olarak\nyerine getirmek i\u00e7in Mu\u011fla\/Bodrum merkezli \u0130Y\u0130L\u0130K AT\u00d6LYES\u0130 DERNE\u011e\u0130\u2019Ni kurarak art\u0131k Ba\u015fkan ve \nYard\u0131mc\u0131s\u0131 olarak iyili\u011fin pe\u015fine d\u00fc\u015ft\u00fcler.\n <div><br><\/div>\n\n\u0130ki ki\u015fi olarak \u00e7\u0131kt\u0131klar\u0131 bu yolda esnaf, akademisyen, ev han\u0131m\u0131, \u00f6\u011frenci, kamu g\u00f6revlisi vb bir \u00e7ok\nsosyo-ekonomik farkl\u0131l\u0131klar\u0131 olan ama tek ama\u00e7lar\u0131 kar\u015f\u0131l\u0131ks\u0131z iyilik yapmak olan , g\u00f6n\u00fcll\u00fclerle yollar\u0131na\n devam ediyorlar. \n<div><br><\/div>\n\nMottosu ASKIDA \u0130Y\u0130L\u0130K olan bu dernek her t\u00fcrl\u00fc maddi, ayni ve fiziksel iyili\u011fi gerek y\u00fcz y\u00fcze,\ngerekse iyilikatolyesi.com.tr adresinde bulunan \u0130Y\u0130L\u0130K YAP butonuna t\u0131klayarak a\u00e7\u0131lan form\nile toplamaktad\u0131r. \u0130htiya\u00e7 sahipleri ise \u0130Y\u0130L\u0130K BUL butonuna t\u0131klayarak ya da y\u00fcz y\u00fcze ilettikleri\ntalep ask\u0131daki iyiliklerden biri ile e\u015fle\u015firse \u0130yilik At\u00f6lyesi Derne\u011fi, arz-talep dengesini kurar.\nAsk\u0131ya b\u0131rak\u0131lan iyilikler belki bir \u00f6\u011frenciye burs, belki yeni evlenen bir \u00e7ifte ev e\u015fyas\u0131,\nbelki de bir \u00f6\u011fretmenin maddi durumu yetersiz bir aileye vermek istedi\u011fi \u00f6zel ders olabiliyor.\n<div><br><\/div>\n\n\u00dcnl\u00fc isimleri dernek yarar\u0131na verdi\u011fi konserlerden, y\u00f6netim kurulunun ba\u011f\u0131\u015f kar\u015f\u0131l\u0131\u011f\u0131 ba\u011f\u0131\u015f\u00e7\u0131n\u0131n\ni\u015fletmesinde garsonluk yapmas\u0131na kadar bir \u00e7ok etkinlik ile maddi yard\u0131m toplamaktay\u0131z.\nDerne\u011fimizin manevi yard\u0131mlar\u0131 da bulunmaktad\u0131r. Bunlardan 1 tanesi yeni y\u0131l haftas\u0131nda maddi\ndurumu olmayan ailelerin \u00e7ocuklar\u0131 i\u00e7in organize edilen, sihirbaz \u015fov, palya\u00e7o, konser, vb bir \u00e7ok\netkinli\u011fi i\u00e7inde bulunan kat\u0131l\u0131mc\u0131lar i\u00e7in \u00fccretsiz organizasyondur.\nBa\u015fka bir tanesi de hen\u00fcz meslek se\u00e7imi yapmam\u0131\u015f lise \u00f6\u011frencisi gen\u00e7ler i\u00e7in d\u00fczenledi\u011fi kariyer g\u00fcnleridir.\n<div><br><\/div>\nSiz ba\u011f\u0131\u015f\u00e7\u0131lar\u0131m\u0131z\u0131n sayesinde daha \u00e7ok t\u0131r y\u00fcklenip ihtiya\u00e7 sahiplerine gidecek, daha \u00e7ok \ngelece\u011fin umudu olan gen\u00e7lere burs verilecek, daha \u00e7ok \u00e7ocu\u011fa moral ve sa\u011fl\u0131k olacakt\u0131r.\n<div><br><\/div><\/h2>\t\t<\/div>\n\t\t\t\t<\/div>\n\t\t\t\t\t<\/div>\n\t\t<\/div>\n\t\t\t\t\t<\/div>\n\t\t<\/section>\n\t\t\t\t<section class=\"elementor-section elementor-top-section elementor-element elementor-element-460970c elementor-section-boxed elementor-section-height-default elementor-section-height-default wpr-particle-no wpr-jarallax-no wpr-parallax-no wpr-sticky-section-no\" data-id=\"460970c\" data-element_type=\"section\">\n\t\t\t\t\t\t<div class=\"elementor-container elementor-column-gap-wide\">\n\t\t\t\t\t<div class=\"elementor-column elementor-col-50 elementor-top-column elementor-element elementor-element-21f68a6\" data-id=\"21f68a6\" data-element_type=\"column\">\n\t\t\t<div class=\"elementor-widget-wrap elementor-element-populated\">\n\t\t\t\t\t\t<div class=\"elementor-element elementor-element-670e6d2 elementor-widget elementor-widget-image\" data-id=\"670e6d2\" data-element_type=\"widget\" data-widget_type=\"image.default\">\n\t\t\t\t<div class=\"elementor-widget-container\">\n\t\t\t\t\t\t\t\t\t\t\t\t\t<img fetchpriority=\"high\" decoding=\"async\" width=\"1024\" height=\"762\" src=\"http:\/\/www.iyilikatolyesi.com.tr\/wp-content\/uploads\/2022\/10\/Our-Mission-min-1024x762.jpg\" class=\"attachment-large size-large wp-image-1708\" alt=\"\" srcset=\"http:\/\/www.iyilikatolyesi.com.tr\/wp-content\/uploads\/2022\/10\/Our-Mission-min-1024x762.jpg 1024w, http:\/\/www.iyilikatolyesi.com.tr\/wp-content\/uploads\/2022\/10\/Our-Mission-min-300x223.jpg 300w, http:\/\/www.iyilikatolyesi.com.tr\/wp-content\/uploads\/2022\/10\/Our-Mission-min-768x572.jpg 768w, http:\/\/www.iyilikatolyesi.com.tr\/wp-content\/uploads\/2022\/10\/Our-Mission-min.jpg 1236w\" sizes=\"(max-width: 1024px) 100vw, 1024px\" \/>\t\t\t\t\t\t\t\t\t\t\t\t\t<\/div>\n\t\t\t\t<\/div>\n\t\t\t\t\t<\/div>\n\t\t<\/div>\n\t\t\t\t<div class=\"elementor-column elementor-col-50 elementor-top-column elementor-element elementor-element-bc42c60\" data-id=\"bc42c60\" data-element_type=\"column\">\n\t\t\t<div class=\"elementor-widget-wrap elementor-element-populated\">\n\t\t\t\t\t\t<div class=\"elementor-element elementor-element-0073403 elementor-widget elementor-widget-heading\" data-id=\"0073403\" data-element_type=\"widget\" data-widget_type=\"heading.default\">\n\t\t\t\t<div class=\"elementor-widget-container\">\n\t\t\t<h2 class=\"elementor-heading-title elementor-size-default\">M\u0130SYONUMUZ<\/h2>\t\t<\/div>\n\t\t\t\t<\/div>\n\t\t\t\t<div class=\"elementor-element elementor-element-60241e2 elementor-widget elementor-widget-text-editor\" data-id=\"60241e2\" data-element_type=\"widget\" data-widget_type=\"text-editor.default\">\n\t\t\t\t<div class=\"elementor-widget-container\">\n\t\t\t\t\t\t\t<p>Derne\u011fin amac\u0131, ihtiya\u00e7 sahiplerine maddi ve manevi yard\u0131mda bulunmak, onlar\u0131n ya\u015famlar\u0131n\u0131 daha iyi bir hale getirmektir.<\/p><p><br><\/p><p>Dernekler, kamu yarar\u0131na faaliyet g\u00f6steren, g\u00f6n\u00fcll\u00fcl\u00fck esas\u0131na dayal\u0131 kurulu\u015flard\u0131r. \u0130yilik&nbsp; Atolyesi Derne\u011fi de bu kapsamda, ihtiya\u00e7 sahiplerine y\u00f6nelik \u00e7e\u015fitli yard\u0131m faaliyetleri y\u00fcr\u00fctmektedir. Bu faaliyetler aras\u0131nda g\u0131da, giyim, bar\u0131nma, e\u011fitim, sa\u011fl\u0131k ve psikolojik destek gibi alanlarda yard\u0131mlar yer almaktad\u0131r.<\/p>\t\t\t\t\t\t<\/div>\n\t\t\t\t<\/div>\n\t\t\t\t\t<\/div>\n\t\t<\/div>\n\t\t\t\t\t<\/div>\n\t\t<\/section>\n\t\t\t\t<section class=\"elementor-section elementor-top-section elementor-element elementor-element-cde0efe elementor-section-content-middle elementor-section-boxed elementor-section-height-default elementor-section-height-default wpr-particle-no wpr-jarallax-no wpr-parallax-no wpr-sticky-section-no\" data-id=\"cde0efe\" data-element_type=\"section\" data-settings=\"{&quot;background_background&quot;:&quot;classic&quot;}\">\n\t\t\t\t\t\t<div class=\"elementor-container elementor-column-gap-default\">\n\t\t\t\t\t<div class=\"elementor-column elementor-col-100 elementor-top-column elementor-element elementor-element-8f2eeb9\" data-id=\"8f2eeb9\" data-element_type=\"column\">\n\t\t\t<div class=\"elementor-widget-wrap elementor-element-populated\">\n\t\t\t\t\t\t<div class=\"elementor-element elementor-element-322bb4e elementor-widget elementor-widget-heading\" data-id=\"322bb4e\" data-element_type=\"widget\" data-widget_type=\"heading.default\">\n\t\t\t\t<div class=\"elementor-widget-container\">\n\t\t\t<h2 class=\"elementor-heading-title elementor-size-default\">B\u0130ZE ULA\u015eIN<\/h2>\t\t<\/div>\n\t\t\t\t<\/div>\n\t\t\t\t<div class=\"elementor-element elementor-element-63eaa9b elementor-widget elementor-widget-text-editor\" data-id=\"63eaa9b\" data-element_type=\"widget\" data-widget_type=\"text-editor.default\">\n\t\t\t\t<div class=\"elementor-widget-container\">\n\t\t\t\t\t\t\t<p>Have any questions? We are always open to talk about your business, new projects, creative opportunities and how we can help you.<\/p>\t\t\t\t\t\t<\/div>\n\t\t\t\t<\/div>\n\t\t\t\t<div class=\"elementor-element elementor-element-5cc4301 elementor-align-center elementor-widget elementor-widget-button\" data-id=\"5cc4301\" data-element_type=\"widget\" data-widget_type=\"button.default\">\n\t\t\t\t<div class=\"elementor-widget-container\">\n\t\t\t\t\t\t\t<div class=\"elementor-button-wrapper\">\n\t\t\t\t\t<a class=\"elementor-button elementor-button-link elementor-size-sm\" href=\"#\">\n\t\t\t\t\t\t<span class=\"elementor-button-content-wrapper\">\n\t\t\t\t\t\t\t\t\t<span class=\"elementor-button-text\">HEMEN \u0130LET\u0130\u015e\u0130M KUR<\/span>\n\t\t\t\t\t<\/span>\n\t\t\t\t\t<\/a>\n\t\t\t\t<\/div>\n\t\t\t\t\t\t<\/div>\n\t\t\t\t<\/div>\n\t\t\t\t\t<\/div>\n\t\t<\/div>\n\t\t\t\t\t<\/div>\n\t\t<\/section>\n\t\t\t\t<\/div>\n\t\t","protected":false},"excerpt":{"rendered":"<p>B\u0130Z K\u0130M\u0130Z ? \u0130yili\u011fi hayat felsefesi edinmi\u015f Psikolog Berna Kaplan ve Foto\u011fraf\u00e7\u0131-Y\u00f6netmen Sefa G\u00fcm\u00fc\u015fkanat, gerek afetlerde toplum faydas\u0131 i\u00e7in, gerekse ihtiya\u00e7 sahiplerinin bireysel muta\u00e7l\u0131klar\u0131n\u0131 ortadan kald\u0131rmak ad\u0131na uzun s\u00fcredir \u00f6zverili \u00e7al\u0131\u015fmalar yapmakta olan iki arkada\u015ft\u0131 , ta ki 6 \u015eubat 2023\u2019deki t\u00fcm d\u00fcnyay\u0131 yasa bo\u011fan afete kadar. O tarih itibariyle, deprem b\u00f6lgesine iletilmek \u00fczere yap\u0131lmak istenen yard\u0131mlar\u0131 kendileri arac\u0131l\u0131\u011f\u0131 ile g\u00f6ndermek isteyen yard\u0131m sever tan\u0131d\u0131klar\u0131n\u0131n bu isteklerini resmi olarak yerine getirmek i\u00e7in Mu\u011fla\/Bodrum merkezli \u0130Y\u0130L\u0130K AT\u00d6LYES\u0130 DERNE\u011e\u0130\u2019Ni kurarak art\u0131k Ba\u015fkan ve Yard\u0131mc\u0131s\u0131 olarak iyili\u011fin pe\u015fine d\u00fc\u015ft\u00fcler. \u0130ki ki\u015fi olarak \u00e7\u0131kt\u0131klar\u0131 bu yolda esnaf, akademisyen, ev han\u0131m\u0131, \u00f6\u011frenci, kamu g\u00f6revlisi vb bir \u00e7ok sosyo-ekonomik farkl\u0131l\u0131klar\u0131 olan ama tek ama\u00e7lar\u0131 kar\u015f\u0131l\u0131ks\u0131z iyilik yapmak olan , g\u00f6n\u00fcll\u00fclerle yollar\u0131na devam ediyorlar. Mottosu ASKIDA \u0130Y\u0130L\u0130K olan bu dernek her t\u00fcrl\u00fc maddi, ayni ve fiziksel iyili\u011fi gerek y\u00fcz y\u00fcze, gerekse iyilikatolyesi.com.tr adresinde bulunan \u0130Y\u0130L\u0130K YAP butonuna t\u0131klayarak a\u00e7\u0131lan form ile toplamaktad\u0131r. \u0130htiya\u00e7 sahipleri ise \u0130Y\u0130L\u0130K BUL butonuna t\u0131klayarak ya da y\u00fcz y\u00fcze ilettikleri talep ask\u0131daki iyiliklerden biri ile e\u015fle\u015firse \u0130yilik At\u00f6lyesi Derne\u011fi, arz-talep dengesini kurar. Ask\u0131ya b\u0131rak\u0131lan iyilikler belki bir \u00f6\u011frenciye burs, belki yeni evlenen bir \u00e7ifte ev e\u015fyas\u0131, belki de bir \u00f6\u011fretmenin maddi durumu yetersiz bir aileye vermek istedi\u011fi \u00f6zel ders olabiliyor. \u00dcnl\u00fc isimleri dernek yarar\u0131na verdi\u011fi konserlerden, y\u00f6netim kurulunun ba\u011f\u0131\u015f kar\u015f\u0131l\u0131\u011f\u0131 ba\u011f\u0131\u015f\u00e7\u0131n\u0131n i\u015fletmesinde garsonluk yapmas\u0131na kadar bir \u00e7ok etkinlik ile maddi yard\u0131m toplamaktay\u0131z. Derne\u011fimizin manevi yard\u0131mlar\u0131 da bulunmaktad\u0131r. Bunlardan 1 tanesi yeni y\u0131l haftas\u0131nda maddi durumu olmayan ailelerin \u00e7ocuklar\u0131 i\u00e7in organize edilen, sihirbaz \u015fov, palya\u00e7o, konser, vb bir \u00e7ok etkinli\u011fi i\u00e7inde bulunan kat\u0131l\u0131mc\u0131lar i\u00e7in \u00fccretsiz organizasyondur. Ba\u015fka bir tanesi de hen\u00fcz meslek se\u00e7imi yapmam\u0131\u015f lise \u00f6\u011frencisi gen\u00e7ler i\u00e7in d\u00fczenledi\u011fi kariyer g\u00fcnleridir. Siz ba\u011f\u0131\u015f\u00e7\u0131lar\u0131m\u0131z\u0131n sayesinde daha \u00e7ok t\u0131r y\u00fcklenip ihtiya\u00e7 sahiplerine gidecek, daha \u00e7ok gelece\u011fin umudu olan gen\u00e7lere burs verilecek, daha \u00e7ok \u00e7ocu\u011fa moral ve sa\u011fl\u0131k olacakt\u0131r. M\u0130SYONUMUZ Derne\u011fin amac\u0131, ihtiya\u00e7 sahiplerine maddi ve manevi yard\u0131mda bulunmak, onlar\u0131n ya\u015famlar\u0131n\u0131 daha iyi bir hale getirmektir. Dernekler, kamu yarar\u0131na faaliyet g\u00f6steren, g\u00f6n\u00fcll\u00fcl\u00fck esas\u0131na dayal\u0131 kurulu\u015flard\u0131r. \u0130yilik&nbsp; Atolyesi Derne\u011fi de bu kapsamda, ihtiya\u00e7 sahiplerine y\u00f6nelik \u00e7e\u015fitli yard\u0131m faaliyetleri y\u00fcr\u00fctmektedir. Bu faaliyetler aras\u0131nda g\u0131da, giyim, bar\u0131nma, e\u011fitim, sa\u011fl\u0131k ve psikolojik destek gibi alanlarda yard\u0131mlar yer almaktad\u0131r. B\u0130ZE ULA\u015eIN Have any questions? We are always open to talk about your business, new projects, creative opportunities and how we can help you. HEMEN \u0130LET\u0130\u015e\u0130M KUR<\/p>\n","protected":false},"author":2,"featured_media":0,"parent":0,"menu_order":0,"comment_status":"closed","ping_status":"closed","template":"","meta":{"site-sidebar-layout":"no-sidebar","site-content-layout":"page-builder","ast-site-content-layout":"","site-content-style":"default","site-sidebar-style":"default","ast-global-header-display":"","ast-banner-title-visibility":"","ast-main-header-display":"","ast-hfb-above-header-display":"","ast-hfb-below-header-display":"","ast-hfb-mobile-header-display":"","site-post-title":"disabled","ast-breadcrumbs-content":"","ast-featured-img":"disabled","footer-sml-layout":"","theme-transparent-header-meta":"enabled","adv-header-id-meta":"","stick-header-meta":"","header-above-stick-meta":"","header-main-stick-meta":"","header-below-stick-meta":"","astra-migrate-meta-layouts":"default","ast-page-background-enabled":"default","ast-page-background-meta":{"desktop":{"background-color":"var(--ast-global-color-4)","background-image":"","background-repeat":"repeat","background-position":"center center","background-size":"auto","background-attachment":"scroll","background-type":"","background-media":"","overlay-type":"","overlay-color":"","overlay-opacity":"","overlay-gradient":""},"tablet":{"background-color":"","background-image":"","background-repeat":"repeat","background-position":"center center","background-size":"auto","background-attachment":"scroll","background-type":"","background-media":"","overlay-type":"","overlay-color":"","overlay-opacity":"","overlay-gradient":""},"mobile":{"background-color":"","background-image":"","background-repeat":"repeat","background-position":"center center","background-size":"auto","background-attachment":"scroll","background-type":"","background-media":"","overlay-type":"","overlay-color":"","overlay-opacity":"","overlay-gradient":""}},"ast-content-background-meta":{"desktop":{"background-color":"var(--ast-global-color-5)","background-image":"","background-repeat":"repeat","background-position":"center center","background-size":"auto","background-attachment":"scroll","background-type":"","background-media":"","overlay-type":"","overlay-color":"","overlay-opacity":"","overlay-gradient":""},"tablet":{"background-color":"var(--ast-global-color-5)","background-image":"","background-repeat":"repeat","background-position":"center center","background-size":"auto","background-attachment":"scroll","background-type":"","background-media":"","overlay-type":"","overlay-color":"","overlay-opacity":"","overlay-gradient":""},"mobile":{"background-color":"var(--ast-global-color-5)","background-image":"","background-repeat":"repeat","background-position":"center center","background-size":"auto","background-attachment":"scroll","background-type":"","background-media":"","overlay-type":"","overlay-color":"","overlay-opacity":"","overlay-gradient":""}},"footnotes":""},"class_list":["post-14","page","type-page","status-publish","hentry"],"_links":{"self":[{"href":"http:\/\/www.iyilikatolyesi.com.tr\/index.php\/wp-json\/wp\/v2\/pages\/14","targetHints":{"allow":["GET"]}}],"collection":[{"href":"http:\/\/www.iyilikatolyesi.com.tr\/index.php\/wp-json\/wp\/v2\/pages"}],"about":[{"href":"http:\/\/www.iyilikatolyesi.com.tr\/index.php\/wp-json\/wp\/v2\/types\/page"}],"author":[{"embeddable":true,"href":"http:\/\/www.iyilikatolyesi.com.tr\/index.php\/wp-json\/wp\/v2\/users\/2"}],"replies":[{"embeddable":true,"href":"http:\/\/www.iyilikatolyesi.com.tr\/index.php\/wp-json\/wp\/v2\/comments?post=14"}],"version-history":[{"count":16,"href":"http:\/\/www.iyilikatolyesi.com.tr\/index.php\/wp-json\/wp\/v2\/pages\/14\/revisions"}],"predecessor-version":[{"id":2050,"href":"http:\/\/www.iyilikatolyesi.com.tr\/index.php\/wp-json\/wp\/v2\/pages\/14\/revisions\/2050"}],"wp:attachment":[{"href":"http:\/\/www.iyilikatolyesi.com.tr\/index.php\/wp-json\/wp\/v2\/media?parent=14"}],"curies":[{"name":"wp","href":"https:\/\/api.w.org\/{rel}","templated":true}]}}