{"id":1917,"date":"2023-03-21T08:55:07","date_gmt":"2023-03-21T08:55:07","guid":{"rendered":"http:\/\/www.iyilikatolyesi.com.tr\/?page_id=1917"},"modified":"2023-03-21T08:56:19","modified_gmt":"2023-03-21T08:56:19","slug":"iyilikbul","status":"publish","type":"page","link":"http:\/\/www.iyilikatolyesi.com.tr\/index.php\/iyilikbul\/","title":{"rendered":"\u0130yilik Bul"},"content":{"rendered":"\t\t<div data-elementor-type=\"wp-page\" data-elementor-id=\"1917\" class=\"elementor elementor-1917\">\n\t\t\t\t\t\t<section class=\"elementor-section elementor-top-section elementor-element elementor-element-6d46b95 elementor-section-boxed elementor-section-height-default elementor-section-height-default wpr-particle-no wpr-jarallax-no wpr-parallax-no wpr-sticky-section-no\" data-id=\"6d46b95\" data-element_type=\"section\">\n\t\t\t\t\t\t<div class=\"elementor-container elementor-column-gap-default\">\n\t\t\t\t\t<div class=\"elementor-column elementor-col-100 elementor-top-column elementor-element elementor-element-7c70031\" data-id=\"7c70031\" data-element_type=\"column\">\n\t\t\t<div class=\"elementor-widget-wrap elementor-element-populated\">\n\t\t\t\t\t\t<div class=\"elementor-element elementor-element-35a649f elementor-headline--style-highlight elementor-widget elementor-widget-animated-headline\" data-id=\"35a649f\" data-element_type=\"widget\" data-settings=\"{&quot;highlighted_text&quot;:&quot;Haz\\u0131r M\\u0131s\\u0131n ?&quot;,&quot;headline_style&quot;:&quot;highlight&quot;,&quot;marker&quot;:&quot;circle&quot;,&quot;loop&quot;:&quot;yes&quot;,&quot;highlight_animation_duration&quot;:1200,&quot;highlight_iteration_delay&quot;:8000}\" data-widget_type=\"animated-headline.default\">\n\t\t\t\t<div class=\"elementor-widget-container\">\n\t\t\t\t\t<h3 class=\"elementor-headline\">\n\t\t\t\t\t<span class=\"elementor-headline-plain-text elementor-headline-text-wrapper\">\u0130yilik Bulmaya<\/span>\n\t\t\t\t<span class=\"elementor-headline-dynamic-wrapper elementor-headline-text-wrapper\">\n\t\t\t\t\t<span class=\"elementor-headline-dynamic-text elementor-headline-text-active\">Haz\u0131r M\u0131s\u0131n ?<\/span>\n\t\t\t\t<\/span>\n\t\t\t\t<\/h3>\n\t\t\t\t<\/div>\n\t\t\t\t<\/div>\n\t\t\t\t<div class=\"elementor-element elementor-element-dd3508d elementor-widget-divider--view-line elementor-widget elementor-widget-divider\" data-id=\"dd3508d\" data-element_type=\"widget\" data-widget_type=\"divider.default\">\n\t\t\t\t<div class=\"elementor-widget-container\">\n\t\t\t\t\t<div class=\"elementor-divider\">\n\t\t\t<span class=\"elementor-divider-separator\">\n\t\t\t\t\t\t<\/span>\n\t\t<\/div>\n\t\t\t\t<\/div>\n\t\t\t\t<\/div>\n\t\t\t\t\t<\/div>\n\t\t<\/div>\n\t\t\t\t\t<\/div>\n\t\t<\/section>\n\t\t\t\t<section class=\"elementor-section elementor-top-section elementor-element elementor-element-7262113 elementor-section-boxed elementor-section-height-default elementor-section-height-default wpr-particle-no wpr-jarallax-no wpr-parallax-no wpr-sticky-section-no\" data-id=\"7262113\" data-element_type=\"section\">\n\t\t\t\t\t\t<div class=\"elementor-container elementor-column-gap-default\">\n\t\t\t\t\t<div class=\"elementor-column elementor-col-100 elementor-top-column elementor-element elementor-element-dab4bae\" data-id=\"dab4bae\" data-element_type=\"column\">\n\t\t\t<div class=\"elementor-widget-wrap elementor-element-populated\">\n\t\t\t\t\t\t<div class=\"elementor-element elementor-element-148aa7d elementor-widget elementor-widget-wpforms\" data-id=\"148aa7d\" data-element_type=\"widget\" data-widget_type=\"wpforms.default\">\n\t\t\t\t<div class=\"elementor-widget-container\">\n\t\t\t<div class=\"wpforms-container \" id=\"wpforms-1913\"><form id=\"wpforms-form-1913\" class=\"wpforms-validate wpforms-form wpforms-ajax-form\" data-formid=\"1913\" method=\"post\" enctype=\"multipart\/form-data\" action=\"\/index.php\/wp-json\/wp\/v2\/pages\/1917\" data-token=\"3418dd499ac1c807fe3500df886a791a\" data-token-time=\"1777652176\"><noscript class=\"wpforms-error-noscript\">Bu formu bitirebilmek i\u00e7in taray\u0131c\u0131n\u0131zda JavaScript&#039;i etkinle\u015ftirin.<\/noscript><div class=\"wpforms-field-container\"><div id=\"wpforms-1913-field_0-container\" class=\"wpforms-field wpforms-field-name\" data-field-id=\"0\"><label class=\"wpforms-field-label\">Ad\u0131n\u0131z Soyad\u0131n\u0131z <span class=\"wpforms-required-label\">*<\/span><\/label><div class=\"wpforms-field-row wpforms-field-medium\"><div class=\"wpforms-field-row-block wpforms-first wpforms-one-half\"><input type=\"text\" id=\"wpforms-1913-field_0\" class=\"wpforms-field-name-first wpforms-field-required\" name=\"wpforms[fields][0][first]\" required><label for=\"wpforms-1913-field_0\" class=\"wpforms-field-sublabel after\">Ad<\/label><\/div><div class=\"wpforms-field-row-block wpforms-one-half\"><input type=\"text\" id=\"wpforms-1913-field_0-last\" class=\"wpforms-field-name-last wpforms-field-required\" name=\"wpforms[fields][0][last]\" required><label for=\"wpforms-1913-field_0-last\" class=\"wpforms-field-sublabel after\">Soyad<\/label><\/div><\/div><\/div><div id=\"wpforms-1913-field_6-container\" class=\"wpforms-field wpforms-field-select wpforms-field-select-style-classic\" data-field-id=\"6\"><label class=\"wpforms-field-label\" for=\"wpforms-1913-field_6\">\u015eehriniz <span class=\"wpforms-required-label\">*<\/span><\/label><select id=\"wpforms-1913-field_6\" class=\"wpforms-field-medium wpforms-field-required\" name=\"wpforms[fields][6]\" required=\"required\"><option value=\"Adana\" >Adana<\/option><option value=\"Ad\u0131yaman\" >Ad\u0131yaman<\/option><option value=\"Afyonkarahisar\" >Afyonkarahisar<\/option><option value=\"A\u011fr\u0131\" >A\u011fr\u0131<\/option><option value=\"Aksaray\" >Aksaray<\/option><option value=\"Amasya\" >Amasya<\/option><option value=\"Ankara\" >Ankara<\/option><option value=\"Antalya\" >Antalya<\/option><option value=\"Ardahan\" >Ardahan<\/option><option value=\"Artvin\" >Artvin<\/option><option value=\"Ayd\u0131n\" >Ayd\u0131n<\/option><option value=\"Bal\u0131kesir\" >Bal\u0131kesir<\/option><option value=\"Bart\u0131n\" >Bart\u0131n<\/option><option value=\"Batman\" >Batman<\/option><option value=\"Bayburt\" >Bayburt<\/option><option value=\"Bilecik\" >Bilecik<\/option><option value=\"Bing\u00f6l\" >Bing\u00f6l<\/option><option value=\"Bitlis\" >Bitlis<\/option><option value=\"Bolu\" >Bolu<\/option><option value=\"Burdur\" >Burdur<\/option><option value=\"Bursa\" >Bursa<\/option><option value=\"\u00c7anakkale\" >\u00c7anakkale<\/option><option value=\"\u00c7ank\u0131r\u0131\" >\u00c7ank\u0131r\u0131<\/option><option value=\"\u00c7orum\" >\u00c7orum<\/option><option value=\"Denizli\" >Denizli<\/option><option value=\"Diyarbak\u0131r\" >Diyarbak\u0131r<\/option><option value=\"D\u00fczce\" >D\u00fczce<\/option><option value=\"Edirne\" >Edirne<\/option><option value=\"Elaz\u0131\u011f\" >Elaz\u0131\u011f<\/option><option value=\"Erzincan\" >Erzincan<\/option><option value=\"Erzurum\" >Erzurum<\/option><option value=\"Eski\u015fehir\" >Eski\u015fehir<\/option><option value=\"Gaziantep\" >Gaziantep<\/option><option value=\"Giresun\" >Giresun<\/option><option value=\"G\u00fcm\u00fc\u015fhane\" >G\u00fcm\u00fc\u015fhane<\/option><option value=\"Hakk\u00e2ri\" >Hakk\u00e2ri<\/option><option value=\"Hatay\" >Hatay<\/option><option value=\"I\u011fd\u0131r\" >I\u011fd\u0131r<\/option><option value=\"Isparta\" >Isparta<\/option><option value=\"\u0130stanbul\" >\u0130stanbul<\/option><option value=\"\u0130zmir\" >\u0130zmir<\/option><option value=\"Kahramanmara\u015f\" >Kahramanmara\u015f<\/option><option value=\"Karab\u00fck\" >Karab\u00fck<\/option><option value=\"Karaman\" >Karaman<\/option><option value=\"Kars\" >Kars<\/option><option value=\"Kastamonu\" >Kastamonu<\/option><option value=\"Kayseri\" >Kayseri<\/option><option value=\"Kilis\" >Kilis<\/option><option value=\"K\u0131r\u0131kkale\" >K\u0131r\u0131kkale<\/option><option value=\"K\u0131rklareli\" >K\u0131rklareli<\/option><option value=\"K\u0131r\u015fehir\" >K\u0131r\u015fehir<\/option><option value=\"Kocaeli\" >Kocaeli<\/option><option value=\"Konya\" >Konya<\/option><option value=\"K\u00fctahya\" >K\u00fctahya<\/option><option value=\"Malatya\" >Malatya<\/option><option value=\"Manisa\" >Manisa<\/option><option value=\"Mardin\" >Mardin<\/option><option value=\"Mersin\" >Mersin<\/option><option value=\"Mu\u011fla\" >Mu\u011fla<\/option><option value=\"Mu\u015f\" >Mu\u015f<\/option><option value=\"Nev\u015fehir\" >Nev\u015fehir<\/option><option value=\"Ni\u011fde\" >Ni\u011fde<\/option><option value=\"Ordu\" >Ordu<\/option><option value=\"Osmaniye\" >Osmaniye<\/option><option value=\"Rize\" >Rize<\/option><option value=\"Sakarya\" >Sakarya<\/option><option value=\"Samsun\" >Samsun<\/option><option value=\"\u015eanl\u0131urfa\" >\u015eanl\u0131urfa<\/option><option value=\"Siirt\" >Siirt<\/option><option value=\"Sinop\" >Sinop<\/option><option value=\"Sivas\" >Sivas<\/option><option value=\"\u015e\u0131rnak\" >\u015e\u0131rnak<\/option><option value=\"Tekirda\u011f\" >Tekirda\u011f<\/option><option value=\"Tokat\" >Tokat<\/option><option value=\"Trabzon\" >Trabzon<\/option><option value=\"Tunceli\" >Tunceli<\/option><option value=\"U\u015fak\" >U\u015fak<\/option><option value=\"Van\" >Van<\/option><option value=\"Yalova\" >Yalova<\/option><option value=\"Yozgat\" >Yozgat<\/option><option value=\"Zonguldak\" >Zonguldak<\/option><\/select><\/div><div id=\"wpforms-1913-field_8-container\" class=\"wpforms-field wpforms-field-text\" data-field-id=\"8\"><label class=\"wpforms-field-label\" for=\"wpforms-1913-field_8\">\u0130l\u00e7e<\/label><input type=\"text\" id=\"wpforms-1913-field_8\" class=\"wpforms-field-medium\" name=\"wpforms[fields][8]\" ><\/div><div id=\"wpforms-1913-field_3-container\" class=\"wpforms-field wpforms-field-text\" data-field-id=\"3\"><label class=\"wpforms-field-label\" for=\"wpforms-1913-field_3\">Telefon Numaran\u0131z <span class=\"wpforms-required-label\">*<\/span><\/label><input type=\"text\" id=\"wpforms-1913-field_3\" class=\"wpforms-field-medium wpforms-field-required\" name=\"wpforms[fields][3]\" required><\/div><div id=\"wpforms-1913-field_1-container\" class=\"wpforms-field wpforms-field-email\" data-field-id=\"1\"><label class=\"wpforms-field-label\" for=\"wpforms-1913-field_1\">E-posta <span class=\"wpforms-required-label\">*<\/span><\/label><input type=\"email\" id=\"wpforms-1913-field_1\" class=\"wpforms-field-medium wpforms-field-required\" name=\"wpforms[fields][1]\" spellcheck=\"false\" required><\/div><div id=\"wpforms-1913-field_2-container\" class=\"wpforms-field wpforms-field-textarea\" data-field-id=\"2\"><label class=\"wpforms-field-label\" for=\"wpforms-1913-field_2\">\u0130htiyac\u0131n\u0131z olan yard\u0131mdan bahsedin<\/label><textarea id=\"wpforms-1913-field_2\" class=\"wpforms-field-medium\" name=\"wpforms[fields][2]\" ><\/textarea><\/div><\/div><!-- .wpforms-field-container --><div class=\"wpforms-recaptcha-container wpforms-is-recaptcha wpforms-is-recaptcha-type-v3\" ><input type=\"hidden\" name=\"wpforms[recaptcha]\" value=\"\"><\/div><div class=\"wpforms-submit-container\" ><input type=\"hidden\" name=\"wpforms[id]\" value=\"1913\"><input type=\"hidden\" name=\"page_title\" value=\"\"><input type=\"hidden\" name=\"page_url\" value=\"http:\/\/www.iyilikatolyesi.com.tr\/index.php\/wp-json\/wp\/v2\/pages\/1917\"><button type=\"submit\" name=\"wpforms[submit]\" id=\"wpforms-submit-1913\" class=\"wpforms-submit\" data-alt-text=\"G\u00f6nderiliyor...\" data-submit-text=\"G\u00f6nder\" aria-live=\"assertive\" value=\"wpforms-submit\">G\u00f6nder<\/button><img decoding=\"async\" src=\"http:\/\/www.iyilikatolyesi.com.tr\/wp-content\/plugins\/wpforms-lite\/assets\/images\/submit-spin.svg\" class=\"wpforms-submit-spinner\" style=\"display: none;\" width=\"26\" height=\"26\" alt=\"Y\u00fckleniyor\"><\/div><\/form><\/div>  <!-- .wpforms-container -->\t\t<\/div>\n\t\t\t\t<\/div>\n\t\t\t\t\t<\/div>\n\t\t<\/div>\n\t\t\t\t\t<\/div>\n\t\t<\/section>\n\t\t\t\t<\/div>\n\t\t","protected":false},"excerpt":{"rendered":"<p>\u0130yilik Bulmaya Haz\u0131r M\u0131s\u0131n ?<\/p>\n","protected":false},"author":2,"featured_media":0,"parent":0,"menu_order":0,"comment_status":"closed","ping_status":"closed","template":"","meta":{"site-sidebar-layout":"no-sidebar","site-content-layout":"page-builder","ast-site-content-layout":"","site-content-style":"default","site-sidebar-style":"default","ast-global-header-display":"","ast-banner-title-visibility":"","ast-main-header-display":"","ast-hfb-above-header-display":"","ast-hfb-below-header-display":"","ast-hfb-mobile-header-display":"","site-post-title":"disabled","ast-breadcrumbs-content":"","ast-featured-img":"disabled","footer-sml-layout":"","theme-transparent-header-meta":"","adv-header-id-meta":"","stick-header-meta":"","header-above-stick-meta":"","header-main-stick-meta":"","header-below-stick-meta":"","astra-migrate-meta-layouts":"default","ast-page-background-enabled":"default","ast-page-background-meta":{"desktop":{"background-color":"var(--ast-global-color-4)","background-image":"","background-repeat":"repeat","background-position":"center center","background-size":"auto","background-attachment":"scroll","background-type":"","background-media":"","overlay-type":"","overlay-color":"","overlay-opacity":"","overlay-gradient":""},"tablet":{"background-color":"","background-image":"","background-repeat":"repeat","background-position":"center center","background-size":"auto","background-attachment":"scroll","background-type":"","background-media":"","overlay-type":"","overlay-color":"","overlay-opacity":"","overlay-gradient":""},"mobile":{"background-color":"","background-image":"","background-repeat":"repeat","background-position":"center center","background-size":"auto","background-attachment":"scroll","background-type":"","background-media":"","overlay-type":"","overlay-color":"","overlay-opacity":"","overlay-gradient":""}},"ast-content-background-meta":{"desktop":{"background-color":"var(--ast-global-color-5)","background-image":"","background-repeat":"repeat","background-position":"center center","background-size":"auto","background-attachment":"scroll","background-type":"","background-media":"","overlay-type":"","overlay-color":"","overlay-opacity":"","overlay-gradient":""},"tablet":{"background-color":"var(--ast-global-color-5)","background-image":"","background-repeat":"repeat","background-position":"center center","background-size":"auto","background-attachment":"scroll","background-type":"","background-media":"","overlay-type":"","overlay-color":"","overlay-opacity":"","overlay-gradient":""},"mobile":{"background-color":"var(--ast-global-color-5)","background-image":"","background-repeat":"repeat","background-position":"center center","background-size":"auto","background-attachment":"scroll","background-type":"","background-media":"","overlay-type":"","overlay-color":"","overlay-opacity":"","overlay-gradient":""}},"footnotes":""},"class_list":["post-1917","page","type-page","status-publish","hentry"],"_links":{"self":[{"href":"http:\/\/www.iyilikatolyesi.com.tr\/index.php\/wp-json\/wp\/v2\/pages\/1917","targetHints":{"allow":["GET"]}}],"collection":[{"href":"http:\/\/www.iyilikatolyesi.com.tr\/index.php\/wp-json\/wp\/v2\/pages"}],"about":[{"href":"http:\/\/www.iyilikatolyesi.com.tr\/index.php\/wp-json\/wp\/v2\/types\/page"}],"author":[{"embeddable":true,"href":"http:\/\/www.iyilikatolyesi.com.tr\/index.php\/wp-json\/wp\/v2\/users\/2"}],"replies":[{"embeddable":true,"href":"http:\/\/www.iyilikatolyesi.com.tr\/index.php\/wp-json\/wp\/v2\/comments?post=1917"}],"version-history":[{"count":5,"href":"http:\/\/www.iyilikatolyesi.com.tr\/index.php\/wp-json\/wp\/v2\/pages\/1917\/revisions"}],"predecessor-version":[{"id":1946,"href":"http:\/\/www.iyilikatolyesi.com.tr\/index.php\/wp-json\/wp\/v2\/pages\/1917\/revisions\/1946"}],"wp:attachment":[{"href":"http:\/\/www.iyilikatolyesi.com.tr\/index.php\/wp-json\/wp\/v2\/media?parent=1917"}],"curies":[{"name":"wp","href":"https:\/\/api.w.org\/{rel}","templated":true}]}}